{"id":60,"date":"2022-04-09T02:15:19","date_gmt":"2022-04-09T02:15:19","guid":{"rendered":"https:\/\/demoapus1.com\/skillup\/?page_id=60"},"modified":"2026-03-30T15:45:23","modified_gmt":"2026-03-30T14:45:23","slug":"faqs","status":"publish","type":"page","link":"https:\/\/www.alexstudy.online\/cz\/faqs\/","title":{"rendered":"\u010casto kladen\u00e9 ot\u00e1zky"},"content":{"rendered":"<div data-elementor-type=\"wp-page\" data-elementor-id=\"60\" class=\"elementor elementor-60\">\n\t\t\t\t\t\t<section class=\"elementor-section elementor-top-section elementor-element elementor-element-688cc12 elementor-section-stretched elementor-section-boxed elementor-section-height-default elementor-section-height-default\" data-id=\"688cc12\" data-element_type=\"section\" data-e-type=\"section\" data-settings=\"{&quot;stretch_section&quot;:&quot;section-stretched&quot;}\">\n\t\t\t\t\t\t<div class=\"elementor-container elementor-column-gap-extended\">\n\t\t\t\t\t<div class=\"elementor-column elementor-col-100 elementor-top-column elementor-element elementor-element-2e39a76\" data-id=\"2e39a76\" data-element_type=\"column\" data-e-type=\"column\">\n\t\t\t<div class=\"elementor-widget-wrap elementor-element-populated\">\n\t\t\t\t\t\t<div class=\"elementor-element elementor-element-5443c28 elementor-widget elementor-widget-heading\" data-id=\"5443c28\" data-element_type=\"widget\" data-e-type=\"widget\" data-widget_type=\"heading.default\">\n\t\t\t\t\t<h1 class=\"elementor-heading-title elementor-size-default\">Form\u00e1t <span class=\"text-theme\">Online v\u00fduky<\/span><\/h1>\t\t\t\t<\/div>\n\t\t\t\t\t<\/div>\n\t\t<\/div>\n\t\t\t\t\t<\/div>\n\t\t<\/section>\n\t\t\t\t<section class=\"elementor-section elementor-top-section elementor-element elementor-element-521bdec elementor-section-stretched elementor-section-boxed elementor-section-height-default elementor-section-height-default\" data-id=\"521bdec\" data-element_type=\"section\" data-e-type=\"section\" data-settings=\"{&quot;stretch_section&quot;:&quot;section-stretched&quot;}\">\n\t\t\t\t\t\t<div class=\"elementor-container elementor-column-gap-extended\">\n\t\t\t\t\t<div class=\"elementor-column elementor-col-50 elementor-top-column elementor-element elementor-element-1b47f0d\" data-id=\"1b47f0d\" data-element_type=\"column\" data-e-type=\"column\">\n\t\t\t<div class=\"elementor-widget-wrap elementor-element-populated\">\n\t\t\t\t\t\t<div class=\"elementor-element elementor-element-2773aea elementor-widget elementor-widget-accordion\" data-id=\"2773aea\" data-element_type=\"widget\" data-e-type=\"widget\" data-widget_type=\"accordion.default\">\n\t\t\t\t\t\t\t<div class=\"elementor-accordion\">\n\t\t\t\t\t\t\t<div class=\"elementor-accordion-item\">\n\t\t\t\t\t<div id=\"elementor-tab-title-4131\" class=\"elementor-tab-title\" data-tab=\"1\" role=\"button\" aria-controls=\"elementor-tab-content-4131\" aria-expanded=\"false\">\n\t\t\t\t\t\t\t\t\t\t\t\t\t<span class=\"elementor-accordion-icon elementor-accordion-icon-right\" aria-hidden=\"true\">\n\t\t\t\t\t\t\t\t\t\t\t\t\t\t\t<span class=\"elementor-accordion-icon-closed\"><i class=\"fas fa-plus\"><\/i><\/span>\n\t\t\t\t\t\t\t\t<span class=\"elementor-accordion-icon-opened\"><i class=\"fas fa-minus\"><\/i><\/span>\n\t\t\t\t\t\t\t\t\t\t\t\t\t\t<\/span>\n\t\t\t\t\t\t\t\t\t\t\t\t<a class=\"elementor-accordion-title\" tabindex=\"0\">Co pot\u0159ebuji?<\/a>\n\t\t\t\t\t<\/div>\n\t\t\t\t\t<div id=\"elementor-tab-content-4131\" class=\"elementor-tab-content elementor-clearfix\" data-tab=\"1\" role=\"region\" aria-labelledby=\"elementor-tab-title-4131\"><p><span style=\"font-weight: 400;\">Budete pot\u0159ebovat po\u010d\u00edta\u010d, notebook nebo tablet s kamerou.<\/span><\/p><p><span style=\"font-weight: 400;\">Sluch\u00e1tka v\u00e1m pomohou l\u00e9pe sly\u0161et.<\/span><\/p><p><span style=\"font-weight: 400;\">Pozn\u00e1mky si m\u016f\u017eete d\u011blat na pap\u00edr nebo elektronicky \u2013 jak v\u00e1m to vyhovuje.<\/span><\/p><\/div>\n\t\t\t\t<\/div>\n\t\t\t\t\t\t\t<div class=\"elementor-accordion-item\">\n\t\t\t\t\t<div id=\"elementor-tab-title-4132\" class=\"elementor-tab-title\" data-tab=\"2\" role=\"button\" aria-controls=\"elementor-tab-content-4132\" aria-expanded=\"false\">\n\t\t\t\t\t\t\t\t\t\t\t\t\t<span class=\"elementor-accordion-icon elementor-accordion-icon-right\" aria-hidden=\"true\">\n\t\t\t\t\t\t\t\t\t\t\t\t\t\t\t<span class=\"elementor-accordion-icon-closed\"><i class=\"fas fa-plus\"><\/i><\/span>\n\t\t\t\t\t\t\t\t<span class=\"elementor-accordion-icon-opened\"><i class=\"fas fa-minus\"><\/i><\/span>\n\t\t\t\t\t\t\t\t\t\t\t\t\t\t<\/span>\n\t\t\t\t\t\t\t\t\t\t\t\t<a class=\"elementor-accordion-title\" tabindex=\"0\">Jakou budeme pou\u017e\u00edvat aplikaci?<\/a>\n\t\t\t\t\t<\/div>\n\t\t\t\t\t<div id=\"elementor-tab-content-4132\" class=\"elementor-tab-content elementor-clearfix\" data-tab=\"2\" role=\"region\" aria-labelledby=\"elementor-tab-title-4132\"><p><span style=\"font-weight: 400;\">M\u016f\u017eeme pou\u017e\u00edt jakoukoli neplacenou aplikaci, kter\u00e1 v\u00e1m vyhovuje.<\/span><\/p><p><span style=\"font-weight: 400;\">Nejpou\u017e\u00edvan\u011bj\u0161\u00ed jsou MS Teams, Google Meet, Zoom a Yandex Telemost.<\/span><\/p><\/div>\n\t\t\t\t<\/div>\n\t\t\t\t\t\t\t<div class=\"elementor-accordion-item\">\n\t\t\t\t\t<div id=\"elementor-tab-title-4133\" class=\"elementor-tab-title\" data-tab=\"3\" role=\"button\" aria-controls=\"elementor-tab-content-4133\" aria-expanded=\"false\">\n\t\t\t\t\t\t\t\t\t\t\t\t\t<span class=\"elementor-accordion-icon elementor-accordion-icon-right\" aria-hidden=\"true\">\n\t\t\t\t\t\t\t\t\t\t\t\t\t\t\t<span class=\"elementor-accordion-icon-closed\"><i class=\"fas fa-plus\"><\/i><\/span>\n\t\t\t\t\t\t\t\t<span class=\"elementor-accordion-icon-opened\"><i class=\"fas fa-minus\"><\/i><\/span>\n\t\t\t\t\t\t\t\t\t\t\t\t\t\t<\/span>\n\t\t\t\t\t\t\t\t\t\t\t\t<a class=\"elementor-accordion-title\" tabindex=\"0\">Mohu pou\u017e\u00edvat telefon?<\/a>\n\t\t\t\t\t<\/div>\n\t\t\t\t\t<div id=\"elementor-tab-content-4133\" class=\"elementor-tab-content elementor-clearfix\" data-tab=\"3\" role=\"region\" aria-labelledby=\"elementor-tab-title-4133\"><p data-start=\"45\" data-end=\"266\">Ano, m\u016f\u017eete. Doporu\u010duji ale notebook nebo po\u010d\u00edta\u010d pro lep\u0161\u00ed z\u00e1\u017eitek \u2013 v\u011bt\u0161\u00ed obrazovka usnad\u0148uje prohl\u00ed\u017een\u00ed materi\u00e1l\u016f, \u010dten\u00ed text\u016f a spole\u010dnou pr\u00e1ci s dokumenty.<\/p><p data-start=\"268\" data-end=\"401\" data-is-last-node=\"\" data-is-only-node=\"\">Pokud ob\u010das pou\u017eijete telefon (nap\u0159. na cest\u00e1ch), zajist\u011bte si stabiln\u00ed internetov\u00e9 p\u0159ipojen\u00ed, sluch\u00e1tka s mikrofonem a klidn\u00e9 m\u00edsto ke studiu.<\/p><\/div>\n\t\t\t\t<\/div>\n\t\t\t\t\t\t\t<div class=\"elementor-accordion-item\">\n\t\t\t\t\t<div id=\"elementor-tab-title-4134\" class=\"elementor-tab-title\" data-tab=\"4\" role=\"button\" aria-controls=\"elementor-tab-content-4134\" aria-expanded=\"false\">\n\t\t\t\t\t\t\t\t\t\t\t\t\t<span class=\"elementor-accordion-icon elementor-accordion-icon-right\" aria-hidden=\"true\">\n\t\t\t\t\t\t\t\t\t\t\t\t\t\t\t<span class=\"elementor-accordion-icon-closed\"><i class=\"fas fa-plus\"><\/i><\/span>\n\t\t\t\t\t\t\t\t<span class=\"elementor-accordion-icon-opened\"><i class=\"fas fa-minus\"><\/i><\/span>\n\t\t\t\t\t\t\t\t\t\t\t\t\t\t<\/span>\n\t\t\t\t\t\t\t\t\t\t\t\t<a class=\"elementor-accordion-title\" tabindex=\"0\">Co se stane, kdy\u017e zme\u0161k\u00e1m lekci?<\/a>\n\t\t\t\t\t<\/div>\n\t\t\t\t\t<div id=\"elementor-tab-content-4134\" class=\"elementor-tab-content elementor-clearfix\" data-tab=\"4\" role=\"region\" aria-labelledby=\"elementor-tab-title-4134\"><p>Individu\u00e1ln\u00ed lekce lze zru\u0161it nebo p\u0159esunout zdarma s p\u0159edstihem alespo\u0148 24 hodin.\u00a0<\/p><p>Skupinov\u00e9 lekce lze p\u0159esunout za stejn\u00e9ho p\u0159edstihu, pokud souhlas\u00ed v\u0161ichni \u00fa\u010dastn\u00edci.<\/p><p>I kdy\u017e se v \u017eivot\u011b mohou st\u00e1t neo\u010dek\u00e1van\u00e9 ud\u00e1losti, v\u00e1\u017e\u00edme si vz\u00e1jemn\u011b sv\u00e9ho \u010dasu a z\u00e1vazk\u016f \u2013 bez ozn\u00e1men\u00ed s alespo\u0148 24h p\u0159edstihem se lekce zapo\u010d\u00edt\u00e1 jako odu\u010den\u00e1.<\/p><\/div>\n\t\t\t\t<\/div>\n\t\t\t\t\t\t\t<div class=\"elementor-accordion-item\">\n\t\t\t\t\t<div id=\"elementor-tab-title-4135\" class=\"elementor-tab-title\" data-tab=\"5\" role=\"button\" aria-controls=\"elementor-tab-content-4135\" aria-expanded=\"false\">\n\t\t\t\t\t\t\t\t\t\t\t\t\t<span class=\"elementor-accordion-icon elementor-accordion-icon-right\" aria-hidden=\"true\">\n\t\t\t\t\t\t\t\t\t\t\t\t\t\t\t<span class=\"elementor-accordion-icon-closed\"><i class=\"fas fa-plus\"><\/i><\/span>\n\t\t\t\t\t\t\t\t<span class=\"elementor-accordion-icon-opened\"><i class=\"fas fa-minus\"><\/i><\/span>\n\t\t\t\t\t\t\t\t\t\t\t\t\t\t<\/span>\n\t\t\t\t\t\t\t\t\t\t\t\t<a class=\"elementor-accordion-title\" tabindex=\"0\">Je zku\u0161ebn\u00ed lekce zdarma?<\/a>\n\t\t\t\t\t<\/div>\n\t\t\t\t\t<div id=\"elementor-tab-content-4135\" class=\"elementor-tab-content elementor-clearfix\" data-tab=\"5\" role=\"region\" aria-labelledby=\"elementor-tab-title-4135\"><p data-start=\"129\" data-end=\"203\">Ne, zku\u0161ebn\u00ed lekce je placen\u00e1 a to s velmi p\u0159\u00edznivou cenou 250 K\u010d nebo 5 EUR za 45 min.<\/p><p data-start=\"205\" data-end=\"335\">Placen\u00e1 zku\u0161ebn\u00ed lekce t\u00e9\u017e ob\u011bma stran\u00e1m ukazuje, \u017ee si v\u00e1\u017e\u00edme navz\u00e1jem sv\u00e9ho \u010dasu.<\/p><\/div>\n\t\t\t\t<\/div>\n\t\t\t\t\t\t\t<div class=\"elementor-accordion-item\">\n\t\t\t\t\t<div id=\"elementor-tab-title-4136\" class=\"elementor-tab-title\" data-tab=\"6\" role=\"button\" aria-controls=\"elementor-tab-content-4136\" aria-expanded=\"false\">\n\t\t\t\t\t\t\t\t\t\t\t\t\t<span class=\"elementor-accordion-icon elementor-accordion-icon-right\" aria-hidden=\"true\">\n\t\t\t\t\t\t\t\t\t\t\t\t\t\t\t<span class=\"elementor-accordion-icon-closed\"><i class=\"fas fa-plus\"><\/i><\/span>\n\t\t\t\t\t\t\t\t<span class=\"elementor-accordion-icon-opened\"><i class=\"fas fa-minus\"><\/i><\/span>\n\t\t\t\t\t\t\t\t\t\t\t\t\t\t<\/span>\n\t\t\t\t\t\t\t\t\t\t\t\t<a class=\"elementor-accordion-title\" tabindex=\"0\">Kter\u00fd kurz si vybrat?<\/a>\n\t\t\t\t\t<\/div>\n\t\t\t\t\t<div id=\"elementor-tab-content-4136\" class=\"elementor-tab-content elementor-clearfix\" data-tab=\"6\" role=\"region\" aria-labelledby=\"elementor-tab-title-4136\"><p data-start=\"129\" data-end=\"203\">Z\u00fa\u010dastn\u011bte se zku\u0161ebn\u00ed lekce \u2013 umo\u017en\u00ed n\u00e1m posoudit va\u0161i \u00farove\u0148 a navrhnout nejvhodn\u011bj\u0161\u00ed kurz, p\u0159\u00edpadn\u011b vytvo\u0159it individu\u00e1ln\u00ed pl\u00e1n.<\/p><\/div>\n\t\t\t\t<\/div>\n\t\t\t\t\t\t\t\t<\/div>\n\t\t\t\t\t\t<\/div>\n\t\t\t\t\t<\/div>\n\t\t<\/div>\n\t\t\t\t<div class=\"elementor-column elementor-col-50 elementor-top-column elementor-element elementor-element-a8efd4e\" data-id=\"a8efd4e\" data-element_type=\"column\" data-e-type=\"column\">\n\t\t\t<div class=\"elementor-widget-wrap elementor-element-populated\">\n\t\t\t\t\t\t<div class=\"elementor-element elementor-element-241a7f0 elementor-widget elementor-widget-image\" data-id=\"241a7f0\" data-element_type=\"widget\" data-e-type=\"widget\" data-widget_type=\"image.default\">\n\t\t\t\t\t\t\t\t\t\t\t\t\t\t\t<img fetchpriority=\"high\" decoding=\"async\" width=\"660\" height=\"623\" src=\"https:\/\/www.alexstudy.online\/wp-content\/uploads\/2022\/04\/side-1.png\" class=\"attachment-large size-large wp-image-303\" alt=\"Frequently asked questions about online language lessons\" srcset=\"https:\/\/www.alexstudy.online\/wp-content\/uploads\/2022\/04\/side-1.png 696w, https:\/\/www.alexstudy.online\/wp-content\/uploads\/2022\/04\/side-1-600x566.png 600w, https:\/\/www.alexstudy.online\/wp-content\/uploads\/2022\/04\/side-1-300x283.png 300w\" sizes=\"(max-width: 660px) 100vw, 660px\" \/>\t\t\t\t\t\t\t\t\t\t\t\t\t\t\t<\/div>\n\t\t\t\t\t<\/div>\n\t\t<\/div>\n\t\t\t\t\t<\/div>\n\t\t<\/section>\n\t\t\t\t<\/div>","protected":false},"excerpt":{"rendered":"<p>About Online Lessons Study Format What do I need? You will need a computer, laptop, or tablet with a camera. Headphones will help you hear more clearly. You can take notes either on paper or electronically\u2014it&#8217;s up to you. What app will we use? We can use any free app that is comfortable for you. [&hellip;]<\/p>\n","protected":false},"author":1,"featured_media":0,"parent":0,"menu_order":0,"comment_status":"closed","ping_status":"closed","template":"","meta":{"footnotes":""},"class_list":["post-60","page","type-page","status-publish","hentry"],"_links":{"self":[{"href":"https:\/\/www.alexstudy.online\/cz\/wp-json\/wp\/v2\/pages\/60","targetHints":{"allow":["GET"]}}],"collection":[{"href":"https:\/\/www.alexstudy.online\/cz\/wp-json\/wp\/v2\/pages"}],"about":[{"href":"https:\/\/www.alexstudy.online\/cz\/wp-json\/wp\/v2\/types\/page"}],"author":[{"embeddable":true,"href":"https:\/\/www.alexstudy.online\/cz\/wp-json\/wp\/v2\/users\/1"}],"replies":[{"embeddable":true,"href":"https:\/\/www.alexstudy.online\/cz\/wp-json\/wp\/v2\/comments?post=60"}],"version-history":[{"count":21,"href":"https:\/\/www.alexstudy.online\/cz\/wp-json\/wp\/v2\/pages\/60\/revisions"}],"predecessor-version":[{"id":4145,"href":"https:\/\/www.alexstudy.online\/cz\/wp-json\/wp\/v2\/pages\/60\/revisions\/4145"}],"wp:attachment":[{"href":"https:\/\/www.alexstudy.online\/cz\/wp-json\/wp\/v2\/media?parent=60"}],"curies":[{"name":"wp","href":"https:\/\/api.w.org\/{rel}","templated":true}]}}