{"id":56,"date":"2022-04-09T02:14:36","date_gmt":"2022-04-09T02:14:36","guid":{"rendered":"https:\/\/demoapus1.com\/skillup\/?page_id=56"},"modified":"2026-03-16T12:52:22","modified_gmt":"2026-03-16T11:52:22","slug":"pricing","status":"publish","type":"page","link":"https:\/\/www.alexstudy.online\/cz\/pricing\/","title":{"rendered":"Cen\u00edk"},"content":{"rendered":"<div data-elementor-type=\"wp-page\" data-elementor-id=\"56\" class=\"elementor elementor-56\">\n\t\t\t\t\t\t<section class=\"elementor-section elementor-top-section elementor-element elementor-element-61b1d4e elementor-section-stretched elementor-section-boxed elementor-section-height-default elementor-section-height-default\" data-id=\"61b1d4e\" data-element_type=\"section\" data-e-type=\"section\" data-settings=\"{&quot;stretch_section&quot;:&quot;section-stretched&quot;,&quot;background_background&quot;:&quot;classic&quot;}\">\n\t\t\t\t\t\t<div class=\"elementor-container elementor-column-gap-extended\">\n\t\t\t\t\t<div class=\"elementor-column elementor-col-100 elementor-top-column elementor-element elementor-element-57f2125\" data-id=\"57f2125\" data-element_type=\"column\" data-e-type=\"column\">\n\t\t\t<div class=\"elementor-widget-wrap elementor-element-populated\">\n\t\t\t\t\t\t<div class=\"elementor-element elementor-element-b54a6d0 elementor-widget elementor-widget-heading\" data-id=\"b54a6d0\" data-element_type=\"widget\" data-e-type=\"widget\" data-widget_type=\"heading.default\">\n\t\t\t\t\t<h1 class=\"elementor-heading-title elementor-size-default\">How pricing <span class=\"text-theme\">funguje?<\/span><\/h1>\t\t\t\t<\/div>\n\t\t\t\t\t<\/div>\n\t\t<\/div>\n\t\t\t\t\t<\/div>\n\t\t<\/section>\n\t\t\t\t<section class=\"elementor-section elementor-top-section elementor-element elementor-element-ff8d244 elementor-section-stretched elementor-section-boxed elementor-section-height-default elementor-section-height-default\" data-id=\"ff8d244\" data-element_type=\"section\" data-e-type=\"section\" data-settings=\"{&quot;stretch_section&quot;:&quot;section-stretched&quot;,&quot;background_background&quot;:&quot;classic&quot;}\">\n\t\t\t\t\t\t<div class=\"elementor-container elementor-column-gap-extended\">\n\t\t\t\t\t<div class=\"elementor-column elementor-col-33 elementor-top-column elementor-element elementor-element-e674d2f\" data-id=\"e674d2f\" data-element_type=\"column\" data-e-type=\"column\" data-settings=\"{&quot;background_background&quot;:&quot;classic&quot;}\">\n\t\t\t<div class=\"elementor-widget-wrap elementor-element-populated\">\n\t\t\t\t\t\t<div class=\"elementor-element elementor-element-252f9c7 elementor-widget elementor-widget-apus_element_address_box\" data-id=\"252f9c7\" data-element_type=\"widget\" data-e-type=\"widget\" data-widget_type=\"apus_element_address_box.default\">\n\t\t\t\t<div class=\"elementor-widget-container\">\n\t\t\t\t\t            <div class=\"widget-box <br \/><b>Warning<\/b>:  Undefined variable $alignment in <b>\/data\/0\/4\/04bea8ae-d509-4db4-afa4-6f12b6c6604f\/alexstudy.online\/web\/wp-content\/themes\/skillup\/inc\/vendors\/elementor\/widgets\/address_box.php<\/b> on line <b>288<\/b><br \/>  style1\">\n                <div class=\"row\">\n                                            <div class=\"item col-12 col-sm-12\">\n                            <div class=\"item-box style1\">\n                                 <div class=\"top-inner\">\n                                    <div class=\"features-box-image icon\"><i class=\"fa fa-journal-whills\"><\/i><\/div><\/div><div class=\"features-box-content\"><h3 class=\"title\">Platba p\u0159edem<\/h3><div class=\"description\">V\u0161echny lekce se hrad\u00ed p\u0159edem.<\/div><\/div>\n                            <\/div>\n                        <\/div>\n                                    <\/div>\n            <\/div>\n            \t\t\t\t<\/div>\n\t\t\t\t<\/div>\n\t\t\t\t\t<\/div>\n\t\t<\/div>\n\t\t\t\t<div class=\"elementor-column elementor-col-33 elementor-top-column elementor-element elementor-element-32764fe\" data-id=\"32764fe\" data-element_type=\"column\" data-e-type=\"column\" data-settings=\"{&quot;background_background&quot;:&quot;classic&quot;}\">\n\t\t\t<div class=\"elementor-widget-wrap elementor-element-populated\">\n\t\t\t\t\t\t<div class=\"elementor-element elementor-element-e30559e elementor-widget elementor-widget-apus_element_address_box\" data-id=\"e30559e\" data-element_type=\"widget\" data-e-type=\"widget\" data-widget_type=\"apus_element_address_box.default\">\n\t\t\t\t<div class=\"elementor-widget-container\">\n\t\t\t\t\t            <div class=\"widget-box   style1\">\n                <div class=\"row\">\n                                            <div class=\"item col-12 col-sm-12\">\n                            <div class=\"item-box style1\">\n                                 <div class=\"top-inner\">\n                                    <div class=\"features-box-image icon\"><i class=\"fa fa-business-time\"><\/i><\/div><\/div><div class=\"features-box-content\"><h3 class=\"title\">U\u0161et\u0159\u00edte<\/h3><div class=\"description\">\u010c\u00edm v\u00edce lekc\u00ed, t\u00edm ni\u017e\u0161\u00ed je cena za lekci.<\/div><\/div>\n                            <\/div>\n                        <\/div>\n                                    <\/div>\n            <\/div>\n            \t\t\t\t<\/div>\n\t\t\t\t<\/div>\n\t\t\t\t\t<\/div>\n\t\t<\/div>\n\t\t\t\t<div class=\"elementor-column elementor-col-33 elementor-top-column elementor-element elementor-element-f3ac564\" data-id=\"f3ac564\" data-element_type=\"column\" data-e-type=\"column\" data-settings=\"{&quot;background_background&quot;:&quot;classic&quot;}\">\n\t\t\t<div class=\"elementor-widget-wrap elementor-element-populated\">\n\t\t\t\t\t\t<div class=\"elementor-element elementor-element-b53f154 elementor-widget elementor-widget-apus_element_address_box\" data-id=\"b53f154\" data-element_type=\"widget\" data-e-type=\"widget\" data-widget_type=\"apus_element_address_box.default\">\n\t\t\t\t<div class=\"elementor-widget-container\">\n\t\t\t\t\t            <div class=\"widget-box   style1\">\n                <div class=\"row\">\n                                            <div class=\"item col-12 col-sm-12\">\n                            <div class=\"item-box style1\">\n                                 <div class=\"top-inner\">\n                                    <div class=\"features-box-image icon\"><i class=\"fa fa-user-shield\"><\/i><\/div><\/div><div class=\"features-box-content\"><h3 class=\"title\">Zru\u0161en\u00ed<\/h3><div class=\"description\">Zru\u0161en\u00ed nebo p\u0159esunut\u00ed do 24h p\u0159edem.<\/div><\/div>\n                            <\/div>\n                        <\/div>\n                                    <\/div>\n            <\/div>\n            \t\t\t\t<\/div>\n\t\t\t\t<\/div>\n\t\t\t\t\t<\/div>\n\t\t<\/div>\n\t\t\t\t\t<\/div>\n\t\t<\/section>\n\t\t\t\t<section class=\"elementor-section elementor-top-section elementor-element elementor-element-a0536ae elementor-section-stretched elementor-section-boxed elementor-section-height-default elementor-section-height-default\" data-id=\"a0536ae\" data-element_type=\"section\" data-e-type=\"section\" data-settings=\"{&quot;stretch_section&quot;:&quot;section-stretched&quot;}\">\n\t\t\t\t\t\t<div class=\"elementor-container elementor-column-gap-extended\">\n\t\t\t\t\t<div class=\"elementor-column elementor-col-50 elementor-top-column elementor-element elementor-element-6f7af1d\" data-id=\"6f7af1d\" data-element_type=\"column\" data-e-type=\"column\">\n\t\t\t<div class=\"elementor-widget-wrap elementor-element-populated\">\n\t\t\t\t\t\t<div class=\"elementor-element elementor-element-7737495 elementor-widget__width-initial elementor-widget elementor-widget-image\" data-id=\"7737495\" data-element_type=\"widget\" data-e-type=\"widget\" data-settings=\"{&quot;_animation&quot;:&quot;none&quot;}\" data-widget_type=\"image.default\">\n\t\t\t\t\t\t\t\t\t\t\t\t\t\t\t<img fetchpriority=\"high\" decoding=\"async\" width=\"500\" height=\"500\" src=\"https:\/\/www.alexstudy.online\/wp-content\/uploads\/2022\/04\/st-2.png\" class=\"attachment-full size-full wp-image-628\" alt=\"Deciding how to study online and which schedule to choose for remote English lessons\" srcset=\"https:\/\/www.alexstudy.online\/wp-content\/uploads\/2022\/04\/st-2.png 500w, https:\/\/www.alexstudy.online\/wp-content\/uploads\/2022\/04\/st-2-300x300.png 300w, https:\/\/www.alexstudy.online\/wp-content\/uploads\/2022\/04\/st-2-410x410.png 410w, https:\/\/www.alexstudy.online\/wp-content\/uploads\/2022\/04\/st-2-150x150.png 150w\" sizes=\"(max-width: 500px) 100vw, 500px\" \/>\t\t\t\t\t\t\t\t\t\t\t\t\t\t\t<\/div>\n\t\t\t\t\t<\/div>\n\t\t<\/div>\n\t\t\t\t<div class=\"elementor-column elementor-col-50 elementor-top-column elementor-element elementor-element-1c9d223 elementor-invisible\" data-id=\"1c9d223\" data-element_type=\"column\" data-e-type=\"column\" data-settings=\"{&quot;animation&quot;:&quot;slideInUp&quot;}\">\n\t\t\t<div class=\"elementor-widget-wrap elementor-element-populated\">\n\t\t\t\t\t\t<div class=\"elementor-element elementor-element-10021ba elementor-widget elementor-widget-apus_element_address_box\" data-id=\"10021ba\" data-element_type=\"widget\" data-e-type=\"widget\" data-widget_type=\"apus_element_address_box.default\">\n\t\t\t\t<div class=\"elementor-widget-container\">\n\t\t\t\t\t            <div class=\"widget-box   style2\">\n                <div class=\"row\">\n                                            <div class=\"item col-12 col-sm-12\">\n                            <div class=\"item-box style2\">\n                                 <div class=\"top-inner\">\n                                    <div class=\"features-box-image number\">1<\/div><\/div><div class=\"features-box-content\"><h3 class=\"title\">Z\u00fa\u010dastn\u011bte se zku\u0161ebn\u00ed lekce<\/h3><div class=\"description\">Ov\u011b\u0159te si, \u017ee v\u00e1m v\u00fduka vyhovuje. Nastav\u00edme si c\u00edle a domluv\u00edme za\u010d\u00e1tek kurzu.<\/div><\/div>\n                            <\/div>\n                        <\/div>\n                                            <div class=\"item col-12 col-sm-12\">\n                            <div class=\"item-box style2\">\n                                 <div class=\"top-inner\">\n                                    <div class=\"features-box-image number\">2<\/div><\/div><div class=\"features-box-content\"><h3 class=\"title\">Vyberte bal\u00ed\u010dek a uhra\u010fte fakturu<\/h3><div class=\"description\">Sd\u011blte mi po\u010det lekc\u00ed a j\u00e1 v\u00e1m za\u0161lu fakturu.<\/div><\/div>\n                            <\/div>\n                        <\/div>\n                                            <div class=\"item col-12 col-sm-12\">\n                            <div class=\"item-box style2\">\n                                 <div class=\"top-inner\">\n                                    <div class=\"features-box-image number\">3<\/div><\/div><div class=\"features-box-content\"><h3 class=\"title\">Za\u010dn\u011bte se u\u010dit<\/h3><div class=\"description\">Nav\u0161t\u011bvujte lekce a u\u017eijte si v\u00fduku. Ve\u0161ker\u00e9 materi\u00e1ly jsou v cen\u011b.<\/div><\/div>\n                            <\/div>\n                        <\/div>\n                                    <\/div>\n            <\/div>\n            \t\t\t\t<\/div>\n\t\t\t\t<\/div>\n\t\t\t\t\t<\/div>\n\t\t<\/div>\n\t\t\t\t\t<\/div>\n\t\t<\/section>\n\t\t\t\t<section class=\"elementor-section elementor-top-section elementor-element elementor-element-69c1efc elementor-section-stretched elementor-section-boxed elementor-section-height-default elementor-section-height-default\" data-id=\"69c1efc\" data-element_type=\"section\" data-e-type=\"section\" data-settings=\"{&quot;stretch_section&quot;:&quot;section-stretched&quot;,&quot;background_background&quot;:&quot;classic&quot;}\">\n\t\t\t\t\t\t<div class=\"elementor-container elementor-column-gap-extended\">\n\t\t\t\t\t<div class=\"elementor-column elementor-col-100 elementor-top-column elementor-element elementor-element-cb2d117\" data-id=\"cb2d117\" data-element_type=\"column\" data-e-type=\"column\">\n\t\t\t<div class=\"elementor-widget-wrap elementor-element-populated\">\n\t\t\t\t\t\t<div class=\"elementor-element elementor-element-7526fda elementor-widget elementor-widget-heading\" data-id=\"7526fda\" data-element_type=\"widget\" data-e-type=\"widget\" data-widget_type=\"heading.default\">\n\t\t\t\t\t<h2 class=\"elementor-heading-title elementor-size-default\">Mo\u017enost \u00fahrady v <span class=\"text-theme\"> K\u010d<\/span> nebo v <span class=\"text-theme\"> EUR<\/span><\/h2>\t\t\t\t<\/div>\n\t\t\t\t\t<\/div>\n\t\t<\/div>\n\t\t\t\t\t<\/div>\n\t\t<\/section>\n\t\t\t\t<section class=\"elementor-section elementor-top-section elementor-element elementor-element-69ec800 elementor-section-stretched elementor-section-content-middle elementor-section-boxed elementor-section-height-default elementor-section-height-default\" data-id=\"69ec800\" data-element_type=\"section\" data-e-type=\"section\" data-settings=\"{&quot;stretch_section&quot;:&quot;section-stretched&quot;,&quot;background_background&quot;:&quot;classic&quot;}\">\n\t\t\t\t\t\t<div class=\"elementor-container elementor-column-gap-extended\">\n\t\t\t\t\t<div class=\"elementor-column elementor-col-50 elementor-top-column elementor-element elementor-element-6781a22\" data-id=\"6781a22\" data-element_type=\"column\" data-e-type=\"column\" data-settings=\"{&quot;background_background&quot;:&quot;classic&quot;}\">\n\t\t\t<div class=\"elementor-widget-wrap elementor-element-populated\">\n\t\t\t\t\t\t<div class=\"elementor-element elementor-element-e57169d elementor-widget__width-initial elementor-widget-mobile__width-initial elementor-widget elementor-widget-apus_element_address_box\" data-id=\"e57169d\" data-element_type=\"widget\" data-e-type=\"widget\" data-widget_type=\"apus_element_address_box.default\">\n\t\t\t\t<div class=\"elementor-widget-container\">\n\t\t\t\t\t            <div class=\"widget-box   style1\">\n                <div class=\"row\">\n                                            <div class=\"item col-12 col-sm-12\">\n                            <div class=\"item-box style1\">\n                                 <div class=\"top-inner\">\n                                    <div class=\"features-box-image icon\"><i class=\"ti-view-list\"><\/i><\/div><\/div><div class=\"features-box-content\"><h3 class=\"title\">Cen\u00edk online v\u00fduky<\/h3><div class=\"description\">\u017dijete v \u010cesk\u00e9 republice? <\/div><\/div>\n                            <\/div>\n                        <\/div>\n                                    <\/div>\n            <\/div>\n            \t\t\t\t<\/div>\n\t\t\t\t<\/div>\n\t\t\t\t<div class=\"elementor-element elementor-element-f174694 elementor-align-center elementor-widget__width-initial elementor-widget-tablet__width-initial elementor-widget-mobile__width-initial elementor-widget elementor-widget-button\" data-id=\"f174694\" data-element_type=\"widget\" data-e-type=\"widget\" data-widget_type=\"button.default\">\n\t\t\t\t\t\t\t\t\t\t<a class=\"elementor-button elementor-button-link elementor-size-md\" href=\"https:\/\/www.alexstudy.online\/cz\/cenik\/\">\n\t\t\t\t\t\t<span class=\"elementor-button-content-wrapper\">\n\t\t\t\t\t\t\t\t\t<span class=\"elementor-button-text\">Cen\u00edk v K\u010d<\/span>\n\t\t\t\t\t<\/span>\n\t\t\t\t\t<\/a>\n\t\t\t\t\t\t\t\t<\/div>\n\t\t\t\t\t<\/div>\n\t\t<\/div>\n\t\t\t\t<div class=\"elementor-column elementor-col-50 elementor-top-column elementor-element elementor-element-abaa1d9\" data-id=\"abaa1d9\" data-element_type=\"column\" data-e-type=\"column\" data-settings=\"{&quot;background_background&quot;:&quot;classic&quot;}\">\n\t\t\t<div class=\"elementor-widget-wrap elementor-element-populated\">\n\t\t\t\t\t\t<div class=\"elementor-element elementor-element-0e5c887 elementor-widget__width-initial elementor-widget-mobile__width-initial elementor-widget elementor-widget-apus_element_address_box\" data-id=\"0e5c887\" data-element_type=\"widget\" data-e-type=\"widget\" data-widget_type=\"apus_element_address_box.default\">\n\t\t\t\t<div class=\"elementor-widget-container\">\n\t\t\t\t\t            <div class=\"widget-box   style1\">\n                <div class=\"row\">\n                                            <div class=\"item col-12 col-sm-12\">\n                            <div class=\"item-box style1\">\n                                 <div class=\"top-inner\">\n                                    <div class=\"features-box-image icon\"><i class=\"ti-view-list\"><\/i><\/div><\/div><div class=\"features-box-content\"><h3 class=\"title\">Cen\u00edk online v\u00fduky<\/h3><div class=\"description\">Hled\u00e1te mezin\u00e1rodn\u00ed cen\u00edk?<\/div><\/div>\n                            <\/div>\n                        <\/div>\n                                    <\/div>\n            <\/div>\n            \t\t\t\t<\/div>\n\t\t\t\t<\/div>\n\t\t\t\t<div class=\"elementor-element elementor-element-1c1ad43 elementor-align-center elementor-widget__width-initial elementor-widget-mobile__width-initial elementor-widget elementor-widget-button\" data-id=\"1c1ad43\" data-element_type=\"widget\" data-e-type=\"widget\" data-widget_type=\"button.default\">\n\t\t\t\t\t\t\t\t\t\t<a class=\"elementor-button elementor-button-link elementor-size-md\" href=\"https:\/\/www.alexstudy.online\/cz\/pricing-international\/\">\n\t\t\t\t\t\t<span class=\"elementor-button-content-wrapper\">\n\t\t\t\t\t\t\t\t\t<span class=\"elementor-button-text\">Cen\u00edk v EUR<\/span>\n\t\t\t\t\t<\/span>\n\t\t\t\t\t<\/a>\n\t\t\t\t\t\t\t\t<\/div>\n\t\t\t\t\t<\/div>\n\t\t<\/div>\n\t\t\t\t\t<\/div>\n\t\t<\/section>\n\t\t\t\t<\/div>","protected":false},"excerpt":{"rendered":"<p>How pricing Works? Prepaid Basis All lessons are paid in advance Save Money Buy more &#8211; pay less per one lesson Cancellation Cancel or reschedule 24 hours in advance 1 Come to a Trial lesson Make sure you like it. Set up a goal. Agree about the start of the course. 2 Choose Package and [&hellip;]<\/p>\n","protected":false},"author":1,"featured_media":0,"parent":0,"menu_order":0,"comment_status":"closed","ping_status":"closed","template":"","meta":{"footnotes":""},"class_list":["post-56","page","type-page","status-publish","hentry"],"_links":{"self":[{"href":"https:\/\/www.alexstudy.online\/cz\/wp-json\/wp\/v2\/pages\/56","targetHints":{"allow":["GET"]}}],"collection":[{"href":"https:\/\/www.alexstudy.online\/cz\/wp-json\/wp\/v2\/pages"}],"about":[{"href":"https:\/\/www.alexstudy.online\/cz\/wp-json\/wp\/v2\/types\/page"}],"author":[{"embeddable":true,"href":"https:\/\/www.alexstudy.online\/cz\/wp-json\/wp\/v2\/users\/1"}],"replies":[{"embeddable":true,"href":"https:\/\/www.alexstudy.online\/cz\/wp-json\/wp\/v2\/comments?post=56"}],"version-history":[{"count":264,"href":"https:\/\/www.alexstudy.online\/cz\/wp-json\/wp\/v2\/pages\/56\/revisions"}],"predecessor-version":[{"id":3900,"href":"https:\/\/www.alexstudy.online\/cz\/wp-json\/wp\/v2\/pages\/56\/revisions\/3900"}],"wp:attachment":[{"href":"https:\/\/www.alexstudy.online\/cz\/wp-json\/wp\/v2\/media?parent=56"}],"curies":[{"name":"wp","href":"https:\/\/api.w.org\/{rel}","templated":true}]}}