{"id":3803,"date":"2026-03-05T20:47:44","date_gmt":"2026-03-05T19:47:44","guid":{"rendered":"https:\/\/www.alexstudy.online\/?page_id=3803"},"modified":"2026-03-16T12:51:00","modified_gmt":"2026-03-16T11:51:00","slug":"impressum","status":"publish","type":"page","link":"https:\/\/www.alexstudy.online\/cz\/impressum\/","title":{"rendered":"Impressum"},"content":{"rendered":"<div data-elementor-type=\"wp-page\" data-elementor-id=\"3803\" class=\"elementor elementor-3803\">\n\t\t\t\t\t\t<section class=\"elementor-section elementor-top-section elementor-element elementor-element-ad7df1c elementor-section-stretched elementor-section-boxed elementor-section-height-default elementor-section-height-default\" data-id=\"ad7df1c\" data-element_type=\"section\" data-e-type=\"section\" data-settings=\"{&quot;stretch_section&quot;:&quot;section-stretched&quot;}\">\n\t\t\t\t\t\t<div class=\"elementor-container elementor-column-gap-extended\">\n\t\t\t\t\t<div class=\"elementor-column elementor-col-100 elementor-top-column elementor-element elementor-element-a3b1111\" data-id=\"a3b1111\" data-element_type=\"column\" data-e-type=\"column\">\n\t\t\t<div class=\"elementor-widget-wrap elementor-element-populated\">\n\t\t\t\t\t\t<div class=\"elementor-element elementor-element-2323503 elementor-widget elementor-widget-heading\" data-id=\"2323503\" data-element_type=\"widget\" data-e-type=\"widget\" data-widget_type=\"heading.default\">\n\t\t\t\t\t<h1 class=\"elementor-heading-title elementor-size-default\">Impressum<\/h1>\t\t\t\t<\/div>\n\t\t\t\t<div class=\"elementor-element elementor-element-a9a8783 elementor-widget__width-initial elementor-widget elementor-widget-text-editor\" data-id=\"a9a8783\" data-element_type=\"widget\" data-e-type=\"widget\" data-widget_type=\"text-editor.default\">\n\t\t\t\t\t\t\t\t\t<p class=\"isSelectedEnd\">Information according to \u00a75 TMG<\/p><p class=\"isSelectedEnd\">Aleksandra Verkhovskaia<br \/>Independent English Language Teacher<\/p><p class=\"isSelectedEnd\">I\u010c: 192 92 040\u00a0 \u00a0 \u00a0 \u00a0 DI\u010c: CZ8262101298<br \/>V Z\u00e1kout\u00ed 255, Kutn\u00e1 Hora, 284 01, Czech Republic<\/p><p class=\"isSelectedEnd\">Contact:<br \/>Email: alexstudy.online@gmail.com<\/p><p>Responsible for the content of this website:<br \/>Aleksandra Verkhovskaia<\/p>\t\t\t\t\t\t\t\t<\/div>\n\t\t\t\t\t<\/div>\n\t\t<\/div>\n\t\t\t\t\t<\/div>\n\t\t<\/section>\n\t\t\t\t<\/div>","protected":false},"excerpt":{"rendered":"<p>Impressum Information according to \u00a75 TMG Aleksandra VerkhovskaiaIndependent English Language Teacher I\u010c: 192 92 040\u00a0 \u00a0 \u00a0 \u00a0 DI\u010c: CZ8262101298V Z\u00e1kout\u00ed 255, Kutn\u00e1 Hora, 284 01, Czech Republic Contact:Email: alexstudy.online@gmail.com Responsible for the content of this website:Aleksandra Verkhovskaia<\/p>","protected":false},"author":1,"featured_media":0,"parent":0,"menu_order":0,"comment_status":"closed","ping_status":"closed","template":"","meta":{"footnotes":""},"class_list":["post-3803","page","type-page","status-publish","hentry"],"_links":{"self":[{"href":"https:\/\/www.alexstudy.online\/cz\/wp-json\/wp\/v2\/pages\/3803","targetHints":{"allow":["GET"]}}],"collection":[{"href":"https:\/\/www.alexstudy.online\/cz\/wp-json\/wp\/v2\/pages"}],"about":[{"href":"https:\/\/www.alexstudy.online\/cz\/wp-json\/wp\/v2\/types\/page"}],"author":[{"embeddable":true,"href":"https:\/\/www.alexstudy.online\/cz\/wp-json\/wp\/v2\/users\/1"}],"replies":[{"embeddable":true,"href":"https:\/\/www.alexstudy.online\/cz\/wp-json\/wp\/v2\/comments?post=3803"}],"version-history":[{"count":10,"href":"https:\/\/www.alexstudy.online\/cz\/wp-json\/wp\/v2\/pages\/3803\/revisions"}],"predecessor-version":[{"id":3891,"href":"https:\/\/www.alexstudy.online\/cz\/wp-json\/wp\/v2\/pages\/3803\/revisions\/3891"}],"wp:attachment":[{"href":"https:\/\/www.alexstudy.online\/cz\/wp-json\/wp\/v2\/media?parent=3803"}],"curies":[{"name":"wp","href":"https:\/\/api.w.org\/{rel}","templated":true}]}}